{"id":251,"date":"2026-02-19T15:38:54","date_gmt":"2026-02-19T15:38:54","guid":{"rendered":"https:\/\/kautera.lt\/?page_id=251"},"modified":"2026-04-14T08:18:40","modified_gmt":"2026-04-14T08:18:40","slug":"kontaktai","status":"publish","type":"page","link":"https:\/\/kautera.lt\/?page_id=251","title":{"rendered":"KONTAKTAI"},"content":{"rendered":"\n<div class=\"wp-block-stackable-spacer stk-block-spacer stk--no-padding stk-block stk-83d2c00\" data-block-id=\"83d2c00\"><\/div>\n\n\n\n<h1 id=\"gspb_heading-id-gsbp-f6f93f0\" class=\"gspb_heading gspb_heading-id-gsbp-f6f93f0 \">UAB KAUTERA rekvizitai ir kontaktai<\/h1>\n\n\n\n<h2 id=\"gspb_heading-id-gsbp-647e4bb\" class=\"gspb_heading gspb_heading-id-gsbp-647e4bb \"><span style=\"background: linear-gradient(to bottom, transparent 50%, var(--theme-palette-color-1, #2872fa) 50%)\" class=\"stk-highlight\">REKVIZITAI<\/span><\/h2>\n\n\n\n<div class=\"wp-block-greenshift-blocks-container gspb_container gspb_container-gsbp-1b55c14\" id=\"gspb_container-id-gsbp-1b55c14\">\n<table class=\"gsbp-5ea1676\">\n<tr>\n<th>Pavadinimas<\/th>\n\n\n\n<th>Apra\u0161ymas<\/th>\n<\/tr>\n\n\n\n<tr>\n<td>\u012emon\u0117s pavadinimas<\/td>\n\n\n\n<td>Kautera, UAB<\/td>\n<\/tr>\n\n\n\n<tr>\n<td>Veiklos srytis<\/td>\n\n\n\n<td>Autoserviss<\/td>\n<\/tr>\n\n\n\n<tr>\n<td>\u012emon\u0117s kodas<\/td>\n\n\n\n<td>307544534<\/td>\n<\/tr>\n\n\n\n<tr>\n<td>PVM mok\u0117tojo kodas<\/td>\n\n\n\n<td>LT100019495917<\/td>\n<\/tr>\n\n\n\n<tr>\n<td>Registracijos adresas<\/td>\n\n\n\n<td>Laisv\u0117s al. 85E-5, LT-44297 Kaunas, Lietuva<\/td>\n<\/tr>\n\n\n\n<tr>\n<td>Veiklos adresas<\/td>\n\n\n\n<td>Suopi\u0173 g. 20, 53370 Poderi\u0161kiai, Kauno r. sav., Lietuva<\/td>\n<\/tr>\n\n\n\n<tr>\n<td>Vie\u0161as \u012fmoni\u0173 registras, Lietuvos \u012fmon\u0117s<\/td>\n\n\n\n<td><a href=\"https:\/\/rekvizitai.vz.lt\/imone\/kautera\/\" data-type=\"link\" data-id=\"https:\/\/rekvizitai.vz.lt\/imone\/kautera\/\">REKVIZITAI.LT<\/a><\/td>\n<\/tr>\n<\/table>\n<\/div>\n\n\n\n<h2 id=\"gspb_heading-id-gsbp-facc188\" class=\"gspb_heading gspb_heading-id-gsbp-facc188 \"><span style=\"background: linear-gradient(to bottom, transparent 50%, var(--theme-palette-color-1, #2872fa) 50%)\" class=\"stk-highlight\">KONTAKTAI<\/span><\/h2>\n\n\n\n<div class=\"wp-block-greenshift-blocks-container gspb_container gspb_container-gsbp-c8aa6af\" id=\"gspb_container-id-gsbp-c8aa6af\">\n<table class=\"gsbp-52c4a6c\">\n<tr>\n<th>Pavadinimas<\/th>\n\n\n\n<th>Apra\u0161ymas<\/th>\n<\/tr>\n\n\n\n<tr>\n<td class=\"gsbp-2572964\">Telefono numeris registracijai<\/td>\n\n\n\n<td class=\"gsbp-b991da8\">+370 681 60163<\/td>\n<\/tr>\n\n\n\n<tr>\n<td class=\"gsbp-3447940\">Elektroninis pa\u0161tas<\/td>\n\n\n\n<td class=\"gsbp-a0358df\"><a href=\"mailto:uab.kautera@gmail.com\">uab.kautera@gmail.com<\/a><\/td>\n<\/tr>\n<\/table>\n<\/div>\n\n\n\n<h2 id=\"gspb_heading-id-gsbp-7a0df09\" class=\"gspb_heading gspb_heading-id-gsbp-7a0df09 \">Kur esame ir vykdome veikl\u0105?<\/h2>\n\n\n\n<p id=\"gspb_heading-id-gsbp-4ba28e7\" class=\"gspb_heading gspb_heading-id-gsbp-4ba28e7 \">Suopi\u0173 g. 20, 53370 Poderi\u0161kiai, Kauno r. sav.<\/p>\n\n\n\n<div class=\"wp-block-greenshift-blocks-container alignfull gspb_container gspb_container-gsbp-9401268\" id=\"gspb_container-id-gsbp-9401268\">\n<div class=\"wp-block-stackable-map stk-block-map stk-block stk-5eb12e6\" data-block-id=\"5eb12e6\"><iframe\n\t\t\t\t\t\ttitle=\"Embedded content from Google Maps Platform.\"\n\t\t\t\t\t\tsrc=\"https:\/\/maps.google.com\/maps?q=Suopi\u0173 g. 20, 53318 Poderi\u0161kiai, Al\u0161\u0117n\u0173 sen., Kauno r. sav.&#038;t=&#038;z=12&#038;ie=UTF8&#038;output=embed\"\n\t\t\t\t\t\tstyle=\"border:0;width:100%;max-width:none;max-height:none;height:100%;\"\n\t\t\t\t\t\taria-hidden=\"false\"\n\t\t\t\t\t\ttabIndex=\"0\"\n\t\t\t\t\t\tallowfullscreen\n\t\t\t\t\t\tloading=\"lazy\"\n\t\t\t\t\t\tframeBorder=\"0\"\n\t\t\t\t\t><\/iframe><\/div>\n<\/div>\n","protected":false},"excerpt":{"rendered":"","protected":false},"author":1,"featured_media":0,"parent":0,"menu_order":0,"comment_status":"closed","ping_status":"closed","template":"","meta":{"_gspb_post_css":"#gspb_heading-id-gsbp-647e4bb,#gspb_heading-id-gsbp-facc188,table td.gsbp-2572964,table td.gsbp-b991da8{font-size:24px}.gspb_container-id-gsbp-1b55c14{flex-direction:column;box-sizing:border-box}#gspb_container-id-gsbp-1b55c14.gspb_container>p:last-of-type,#gspb_container-id-gsbp-9401268.gspb_container>p:last-of-type,#gspb_container-id-gsbp-c8aa6af.gspb_container>p:last-of-type{margin-bottom:0}#gspb_container-id-gsbp-1b55c14.gspb_container{position:relative;background-color:var(--wp--preset--color--palette-color-9, var(--theme-palette-color-9, #000000))}@media (max-width:991.98px){#gspb_container-id-gsbp-1b55c14.gspb_container{background-color:var(--wp--preset--color--palette-color-9, var(--theme-palette-color-9, #000000))}}@media (max-width:767.98px){#gspb_container-id-gsbp-1b55c14.gspb_container{background-color:var(--wp--preset--color--palette-color-9, var(--theme-palette-color-9, #000000))}}@media (max-width:575.98px){#gspb_container-id-gsbp-1b55c14.gspb_container{background-color:var(--wp--preset--color--palette-color-9, var(--theme-palette-color-9, #000000))}}#gspb_container-id-gsbp-1b55c14.gspb_container{box-sizing:border-box}.gsbp-5ea1676{border-collapse:collapse;table-layout:fixed;width:100%}.gsbp-52c4a6c td,.gsbp-52c4a6c th,.gsbp-5ea1676 td,.gsbp-5ea1676 th{padding:6px 12px;border-style:solid;border-width:1px;border-color:var(--wp--preset--color--border, #00000012);font-size:14px}.gsbp-52c4a6c th,.gsbp-5ea1676 th{font-size:16px;background-color:var(--wp--preset--color--lightbg, #cddceb21)}.gspb_container-id-gsbp-c8aa6af{flex-direction:column;box-sizing:border-box}#gspb_container-id-gsbp-c8aa6af.gspb_container{position:relative;background-color:var(--wp--preset--color--palette-color-9, var(--theme-palette-color-9, #000000))}@media (max-width:991.98px){#gspb_container-id-gsbp-c8aa6af.gspb_container{background-color:var(--wp--preset--color--palette-color-9, var(--theme-palette-color-9, #000000))}}@media (max-width:767.98px){#gspb_container-id-gsbp-c8aa6af.gspb_container{background-color:var(--wp--preset--color--palette-color-9, var(--theme-palette-color-9, #000000))}}@media (max-width:575.98px){#gspb_container-id-gsbp-c8aa6af.gspb_container{background-color:var(--wp--preset--color--palette-color-9, var(--theme-palette-color-9, #000000))}}#gspb_container-id-gsbp-c8aa6af.gspb_container{box-sizing:border-box}.gsbp-52c4a6c{border-collapse:collapse;table-layout:fixed;width:100%}table td.gsbp-3447940,table td.gsbp-a0358df{font-size:18px}#gspb_heading-id-gsbp-4ba28e7,#gspb_heading-id-gsbp-4ba28e7 .gsap-g-line,#gspb_heading-id-gsbp-7a0df09,#gspb_heading-id-gsbp-7a0df09 .gsap-g-line{text-align:center!important}.gspb_container-id-gsbp-9401268{flex-direction:column;box-sizing:border-box}#gspb_container-id-gsbp-9401268.gspb_container{position:relative;box-sizing:border-box}","footnotes":""},"class_list":["post-251","page","type-page","status-publish","hentry"],"blocksy_meta":[],"_links":{"self":[{"href":"https:\/\/kautera.lt\/index.php?rest_route=\/wp\/v2\/pages\/251","targetHints":{"allow":["GET"]}}],"collection":[{"href":"https:\/\/kautera.lt\/index.php?rest_route=\/wp\/v2\/pages"}],"about":[{"href":"https:\/\/kautera.lt\/index.php?rest_route=\/wp\/v2\/types\/page"}],"author":[{"embeddable":true,"href":"https:\/\/kautera.lt\/index.php?rest_route=\/wp\/v2\/users\/1"}],"replies":[{"embeddable":true,"href":"https:\/\/kautera.lt\/index.php?rest_route=%2Fwp%2Fv2%2Fcomments&post=251"}],"version-history":[{"count":32,"href":"https:\/\/kautera.lt\/index.php?rest_route=\/wp\/v2\/pages\/251\/revisions"}],"predecessor-version":[{"id":304,"href":"https:\/\/kautera.lt\/index.php?rest_route=\/wp\/v2\/pages\/251\/revisions\/304"}],"wp:attachment":[{"href":"https:\/\/kautera.lt\/index.php?rest_route=%2Fwp%2Fv2%2Fmedia&parent=251"}],"curies":[{"name":"wp","href":"https:\/\/api.w.org\/{rel}","templated":true}]}}