{"id":11,"date":"2026-02-14T14:53:09","date_gmt":"2026-02-14T14:53:09","guid":{"rendered":"https:\/\/kautera.lt\/?page_id=11"},"modified":"2026-04-14T08:30:26","modified_gmt":"2026-04-14T08:30:26","slug":"kautera","status":"publish","type":"page","link":"https:\/\/kautera.lt\/","title":{"rendered":"KAUTERA"},"content":{"rendered":"\n<section class=\"wp-block-greenshift-blocks-container alignfull gspb_container gspb_container-gsbp-6d24aa3\" id=\"gspb_container-id-gsbp-6d24aa3\">\n<h1 id=\"gspb_heading-id-gsbp-560fd4c\" class=\"gspb_heading gspb_heading-id-gsbp-560fd4c \">K\u0117bulo remontas ir da\u017eymas Kaune | KAUTERA<\/h1>\n\n\n\n<div class=\"wp-block-greenshift-blocks-row alignfull gspb_row gspb_row-id-gsbp-5ed8b27\" id=\"gspb_row-id-gsbp-5ed8b27\"><div class=\"gspb_row__content\"> \n<div class=\"wp-block-greenshift-blocks-row-column gspb_row__col--4 gspb_col-id-gsbp-a713dea\" id=\"gspb_col-id-gsbp-a713dea\">\n<div class=\"wp-block-greenshift-blocks-image gspb_image gspb_image-id-gsbp-f18f41e\" id=\"gspb_image-id-gsbp-f18f41e\"><img decoding=\"async\" src=\"https:\/\/kautera.lt\/wp-content\/uploads\/2026\/02\/BMW_4-4-removebg-preview.png\" data-src=\"\" alt=\"\" loading=\"lazy\" width=\"672\" height=\"260\"\/><\/div>\n<\/div>\n\n\n\n<div class=\"wp-block-greenshift-blocks-row-column gspb_row__col--4 gspb_col-id-gsbp-869a790\" id=\"gspb_col-id-gsbp-869a790\">\n<div class=\"wp-block-greenshift-blocks-image gspb_image gspb_image-id-gsbp-f8ba36f\" id=\"gspb_image-id-gsbp-f8ba36f\"><img decoding=\"async\" src=\"https:\/\/kautera.lt\/wp-content\/uploads\/2026\/02\/2018-BMW-TITLE-removebg-preview.png\" data-src=\"\" alt=\"\" loading=\"lazy\" width=\"612\" height=\"280\"\/><\/div>\n<\/div>\n\n\n\n<div class=\"wp-block-greenshift-blocks-row-column gspb_row__col--4 gspb_col-id-gsbp-ac5a123\" id=\"gspb_col-id-gsbp-ac5a123\">\n<div class=\"wp-block-greenshift-blocks-image gspb_image gspb_image-id-gsbp-6d45d8a\" id=\"gspb_image-id-gsbp-6d45d8a\"><img decoding=\"async\" src=\"https:\/\/kautera.lt\/wp-content\/uploads\/2026\/02\/BMW-4-red.png\" data-src=\"\" alt=\"\" loading=\"lazy\" width=\"1536\" height=\"260\"\/><\/div>\n<\/div>\n <\/div><\/div>\n\n\n\n<p id=\"gspb_heading-id-gsbp-ac65053\" class=\"gspb_heading gspb_heading-id-gsbp-ac65053 \">Profesionalus automobilio k\u0117bulo remonto, da\u017eymo ir paruo\u0161imo servisas Kaune.<br>Automobilio paslaug\u0173 centras &#8211; KAUTERA<\/p>\n<\/section>\n\n\n\n<div class=\"wp-block-stackable-spacer stk-block-spacer stk--no-padding stk-block stk-f9b259b\" data-block-id=\"f9b259b\"><\/div>\n\n\n\n<div class=\"wp-block-greenshift-blocks-container gspb_container gspb_container-gsbp-094dfd7\" id=\"gspb_container-id-gsbp-094dfd7\">\n<h2 id=\"gspb_heading-id-gsbp-9489d4a\" class=\"gspb_heading gspb_heading-id-gsbp-9489d4a \">SPECIALIZUOTAS AUTOSERVISAS &#8211;  KAUTERA | KAUNAS<\/h2>\n\n\n\n<p id=\"gspb_heading-id-gsbp-a16d9dc\" class=\"gspb_heading gspb_heading-id-gsbp-a16d9dc \">M\u016bs\u0173 pagrindin\u0117s paslaugos yra automobilio k\u0117bulo remonto ir prie\u017ei\u016bros darbai. Patyr\u0119 profesionl\u016bs meistrai kokybi\u0161kai sutvarkys J\u016bs\u0173 automobilio k\u0117bulo defektus, atstatys geometrij\u0105, i\u0161tiesins skardas.<br><br>Atliekame estetin\u012f (menin\u012f) automobilio k\u0117bulo lyginim\u0105 (dar kitaip vadinam\u0105 kaip: \u012flenkim\u0173 lyginimas be da\u017eymo, meninis lyginimas, beda\u017eis lyginimas, PDR (Paintless Dent Repair)) naudojamas \u012fvairaus dyd\u017eio, bet kurioje automobilio k\u0117bulo vietoje esantiems \u012flenkimams lyginti.<br><br>Autoservise yra \u012frengta da\u017eykla. Pilnai paruo\u0161iam automobil\u012f da\u017eymui. Da\u017eome tiek vis\u0105 automobil\u012f, tiek jo k\u0117bulo dalis. Kruop\u0161\u010diai parenkame spalvos atspalv\u012f pagal pavyzd\u012f. Dirbame su dauguma da\u017e\u0173 gamintoj\u0173 lyderi\u0173.<\/p>\n<\/div>\n\n\n\n<div class=\"wp-block-stackable-spacer stk-block-spacer stk--no-padding stk-block stk-ebc0a67\" data-block-id=\"ebc0a67\"><style>.stk-ebc0a67 {height:50px !important;}<\/style><\/div>\n\n\n\n<div class=\"wp-block-greenshift-blocks-container gspb_container gspb_container-gsbp-1eb5221\" id=\"gspb_container-id-gsbp-1eb5221\">\n<h2 id=\"gspb_heading-id-gsbp-cf6cd93\" class=\"gspb_heading gspb_heading-id-gsbp-cf6cd93 \">PAGRINDIN\u0116S AUTOSERVISO PASLAUGOS<\/h2>\n<\/div>\n\n\n\n<div class=\"wp-block-greenshift-blocks-row gspb_row gspb_row-id-gsbp-2d89850\" id=\"gspb_row-id-gsbp-2d89850\"><div class=\"gspb_row__content\"> \n<div class=\"wp-block-greenshift-blocks-row-column gspb_row__col--6 gspb_col-id-gsbp-114e367\" id=\"gspb_col-id-gsbp-114e367\">\n<ul class=\"gs_icon_list_836 gsbp-363888b\">\n<li class=\"icon-list-item\">\n<div class=\"icon-list-wrapper\">\n<svg viewBox=\"0 0 1024 1024\" width=\"1024\" height=\"1024\" class=\"icon-list-icon\"><path d=\"M871.696 166.932l-526.088 526.088-193.304-193.304c-9.372-9.372-24.568-9.372-33.942 0l-56.568 56.568c-9.372 9.372-9.372 24.568 0 33.942l266.842 266.842c9.372 9.372 24.568 9.372 33.942 0l599.626-599.626c9.372-9.372 9.372-24.568 0-33.942l-56.568-56.568c-9.372-9.372-24.568-9.372-33.94 0z\" \/><\/svg>\n<\/div>\n\n\n\n<div class=\"icon-list-text\">Automobilio k\u0117bulo remontas.<\/div>\n<\/li>\n\n\n\n<li class=\"icon-list-item\">\n<div class=\"icon-list-wrapper\">\n<svg viewBox=\"0 0 1024 1024\" width=\"1024\" height=\"1024\" class=\"icon-list-icon\"><path d=\"M871.696 166.932l-526.088 526.088-193.304-193.304c-9.372-9.372-24.568-9.372-33.942 0l-56.568 56.568c-9.372 9.372-9.372 24.568 0 33.942l266.842 266.842c9.372 9.372 24.568 9.372 33.942 0l599.626-599.626c9.372-9.372 9.372-24.568 0-33.942l-56.568-56.568c-9.372-9.372-24.568-9.372-33.94 0z\" \/><\/svg>\n<\/div>\n\n\n\n<div class=\"icon-list-text\">Automobilio k\u0117bulo geometrijos atstatymas.<\/div>\n<\/li>\n\n\n\n<li class=\"icon-list-item\">\n<div class=\"icon-list-wrapper\">\n<svg viewBox=\"0 0 1024 1024\" width=\"1024\" height=\"1024\" class=\"icon-list-icon\"><path d=\"M871.696 166.932l-526.088 526.088-193.304-193.304c-9.372-9.372-24.568-9.372-33.942 0l-56.568 56.568c-9.372 9.372-9.372 24.568 0 33.942l266.842 266.842c9.372 9.372 24.568 9.372 33.942 0l599.626-599.626c9.372-9.372 9.372-24.568 0-33.942l-56.568-56.568c-9.372-9.372-24.568-9.372-33.94 0z\" \/><\/svg>\n<\/div>\n\n\n\n<div class=\"icon-list-text\">Automobilio k\u0117bulo metalini\u0173 ir aliumini\u0173 skard\u0173 atstatymas.<\/div>\n<\/li>\n\n\n\n<li class=\"icon-list-item\">\n<div class=\"icon-list-wrapper\">\n<svg viewBox=\"0 0 1024 1024\" width=\"1024\" height=\"1024\" class=\"icon-list-icon\"><path d=\"M871.696 166.932l-526.088 526.088-193.304-193.304c-9.372-9.372-24.568-9.372-33.942 0l-56.568 56.568c-9.372 9.372-9.372 24.568 0 33.942l266.842 266.842c9.372 9.372 24.568 9.372 33.942 0l599.626-599.626c9.372-9.372 9.372-24.568 0-33.942l-56.568-56.568c-9.372-9.372-24.568-9.372-33.94 0z\" \/><\/svg>\n<\/div>\n\n\n\n<div class=\"icon-list-text\">Automobilio paruo\u0161imas ir da\u017eymas.<\/div>\n<\/li>\n\n\n\n<li class=\"icon-list-item\">\n<div class=\"icon-list-wrapper\">\n<svg viewBox=\"0 0 1024 1024\" width=\"1024\" height=\"1024\" class=\"icon-list-icon\"><path d=\"M871.696 166.932l-526.088 526.088-193.304-193.304c-9.372-9.372-24.568-9.372-33.942 0l-56.568 56.568c-9.372 9.372-9.372 24.568 0 33.942l266.842 266.842c9.372 9.372 24.568 9.372 33.942 0l599.626-599.626c9.372-9.372 9.372-24.568 0-33.942l-56.568-56.568c-9.372-9.372-24.568-9.372-33.94 0z\" \/><\/svg>\n<\/div>\n\n\n\n<div class=\"icon-list-text\">Automobilio k\u0117bulo dali\u0173 da\u017eymas.<\/div>\n<\/li>\n<\/ul>\n<\/div>\n\n\n\n<div class=\"wp-block-greenshift-blocks-row-column gspb_row__col--6 gspb_col-id-gsbp-013a233\" id=\"gspb_col-id-gsbp-013a233\">\n<ul class=\"gs_icon_list_716 gsbp-5b26896\">\n<li class=\"icon-list-item\">\n<div class=\"icon-list-wrapper\">\n<svg viewBox=\"0 0 1024 1024\" width=\"1024\" height=\"1024\" class=\"icon-list-icon\"><path d=\"M871.696 166.932l-526.088 526.088-193.304-193.304c-9.372-9.372-24.568-9.372-33.942 0l-56.568 56.568c-9.372 9.372-9.372 24.568 0 33.942l266.842 266.842c9.372 9.372 24.568 9.372 33.942 0l599.626-599.626c9.372-9.372 9.372-24.568 0-33.942l-56.568-56.568c-9.372-9.372-24.568-9.372-33.94 0z\" \/><\/svg>\n<\/div>\n\n\n\n<div class=\"icon-list-text\">Automobilio k\u0117bulo keramini\u0173 dali\u0173 montavimas.<\/div>\n<\/li>\n\n\n\n<li class=\"icon-list-item\">\n<div class=\"icon-list-wrapper\">\n<svg viewBox=\"0 0 1024 1024\" width=\"1024\" height=\"1024\" class=\"icon-list-icon\"><path d=\"M871.696 166.932l-526.088 526.088-193.304-193.304c-9.372-9.372-24.568-9.372-33.942 0l-56.568 56.568c-9.372 9.372-9.372 24.568 0 33.942l266.842 266.842c9.372 9.372 24.568 9.372 33.942 0l599.626-599.626c9.372-9.372 9.372-24.568 0-33.942l-56.568-56.568c-9.372-9.372-24.568-9.372-33.94 0z\" \/><\/svg>\n<\/div>\n\n\n\n<div class=\"icon-list-text\">Estetinis (meninis) automobilio k\u0117bulo lyginimas be da\u017eymo.<\/div>\n<\/li>\n\n\n\n<li class=\"icon-list-item\">\n<div class=\"icon-list-wrapper\">\n<svg viewBox=\"0 0 1024 1024\" width=\"1024\" height=\"1024\" class=\"icon-list-icon\"><path d=\"M871.696 166.932l-526.088 526.088-193.304-193.304c-9.372-9.372-24.568-9.372-33.942 0l-56.568 56.568c-9.372 9.372-9.372 24.568 0 33.942l266.842 266.842c9.372 9.372 24.568 9.372 33.942 0l599.626-599.626c9.372-9.372 9.372-24.568 0-33.942l-56.568-56.568c-9.372-9.372-24.568-9.372-33.94 0z\" \/><\/svg>\n<\/div>\n\n\n\n<div class=\"icon-list-text\">Automobilio k\u0117bulo poliravimas.<\/div>\n<\/li>\n\n\n\n<li class=\"icon-list-item\">\n<div class=\"icon-list-wrapper\">\n<svg viewBox=\"0 0 1024 1024\" width=\"1024\" height=\"1024\" class=\"icon-list-icon\"><path d=\"M871.696 166.932l-526.088 526.088-193.304-193.304c-9.372-9.372-24.568-9.372-33.942 0l-56.568 56.568c-9.372 9.372-9.372 24.568 0 33.942l266.842 266.842c9.372 9.372 24.568 9.372 33.942 0l599.626-599.626c9.372-9.372 9.372-24.568 0-33.942l-56.568-56.568c-9.372-9.372-24.568-9.372-33.94 0z\" \/><\/svg>\n<\/div>\n\n\n\n<div class=\"icon-list-text\">Cheminis salono valymas, interjero dali\u0173 poliravimas.<\/div>\n<\/li>\n<\/ul>\n<\/div>\n <\/div><\/div>\n\n\n\n<div class=\"wp-block-stackable-spacer stk-block-spacer stk--no-padding stk-block stk-7d6e380\" data-block-id=\"7d6e380\"><style>.stk-7d6e380 {height:25px !important;}<\/style><\/div>\n\n\n\n<h2 id=\"gspb_heading-id-gsbp-f33db2b\" class=\"gspb_heading gspb_heading-id-gsbp-f33db2b \">DAUGIAU INFORMACIJOS APIE PASLAUGAS<\/h2>\n\n\n\n<div class=\"wp-block-stackable-spacer stk-block-spacer stk--no-padding stk-block stk-81797cb\" data-block-id=\"81797cb\"><style>.stk-81797cb {height:25px !important;}<\/style><\/div>\n\n\n\n<div class=\"wp-block-greenshift-blocks-container alignfull gspb_container gspb_container-gsbp-2fa8fe7\" id=\"gspb_container-id-gsbp-2fa8fe7\">\n<div class=\"wp-block-greenshift-blocks-row gspb_row gspb_row-id-gsbp-9632c45\" id=\"gspb_row-id-gsbp-9632c45\"><div class=\"gspb_row__content\"> \n<div class=\"wp-block-greenshift-blocks-row-column gspb_row__col--4 gspb_col-id-gsbp-2a11014 kautera-step\" id=\"gspb_col-id-gsbp-2a11014\">\n<p class=\"gsbp-bbf6388\">01<\/p>\n\n\n\n<h3>Automobilio k\u0117bulo darbai, geometrijos atstatymas<\/h3>\n\n\n\n<p class=\"reveal\">\u012evertiname pa\u017eeidim\u0105 ir nustatome tiksl\u0173 darb\u0173 plan\u0105. Atstatome geometrij\u0105, i\u0161lyginame ir\/arba pakei\u010diame skardas.<\/p>\n<\/div>\n\n\n\n<div class=\"wp-block-greenshift-blocks-row-column gspb_row__col--4 gspb_col-id-gsbp-255de95 kautera-step\" id=\"gspb_col-id-gsbp-255de95\">\n<p class=\"gsbp-146f012\">02<\/p>\n\n\n\n<h3>Automobilio k\u0117bulo da\u017eymas<\/h3>\n\n\n\n<p class=\"reveal\">Paruo\u0161iame automobil\u012f da\u017eymui, krup\u0161\u010diai parenkame spalv\u0105, atliekame visus k\u0117bulo da\u017eymo darbus.<\/p>\n<\/div>\n\n\n\n<div class=\"wp-block-greenshift-blocks-row-column gspb_row__col--4 gspb_col-id-gsbp-a65b1ca kautera-step\" id=\"gspb_col-id-gsbp-a65b1ca\">\n<p class=\"gsbp-e5b415b\">03<\/p>\n\n\n\n<h3>Automobilio k\u0117bulo lyginimas be da\u017eymo &#8211; PDR<\/h3>\n\n\n\n<p class=\"reveal\">Naudodami profesionalius \u012frankius ir pa\u017eangi\u0105 technologij\u0105, pa\u0161aliname smulkius k\u0117bulo \u012flenkimus, nepa\u017eeid\u017eiant da\u017e\u0173 dangos, be glaisto ir da\u017eymo.<\/p>\n<\/div>\n <\/div><\/div>\n<\/div>\n\n\n\n<h3 id=\"gspb_heading-id-gsbp-bf7d2cb\" class=\"gspb_heading gspb_heading-id-gsbp-bf7d2cb \">M\u016bs\u0173 adresas &#8211; rasite mus \u010dia:<\/h3>\n\n\n\n<p id=\"gspb_heading-id-gsbp-19011cb\" class=\"gspb_heading gspb_heading-id-gsbp-19011cb \">Suopi\u0173 g. 20, 53370 Poderi\u0161kiai, Kauno r. sav.<\/p>\n\n\n\n<div class=\"wp-block-greenshift-blocks-container alignfull gspb_container gspb_container-gsbp-31e73ff\" id=\"gspb_container-id-gsbp-31e73ff\">\n<div class=\"wp-block-stackable-map stk-block-map stk-block stk-cb43b91\" data-block-id=\"cb43b91\"><iframe\n\t\t\t\t\t\ttitle=\"Embedded content from Google Maps Platform.\"\n\t\t\t\t\t\tsrc=\"https:\/\/maps.google.com\/maps?q=Suopi\u0173 g. 20, 53370 Poderi\u0161kiai, Kauno r. sav.&#038;t=&#038;z=12&#038;ie=UTF8&#038;output=embed\"\n\t\t\t\t\t\tstyle=\"border:0;width:100%;max-width:none;max-height:none;height:100%;\"\n\t\t\t\t\t\taria-hidden=\"false\"\n\t\t\t\t\t\ttabIndex=\"0\"\n\t\t\t\t\t\tallowfullscreen\n\t\t\t\t\t\tloading=\"lazy\"\n\t\t\t\t\t\tframeBorder=\"0\"\n\t\t\t\t\t><\/iframe><\/div>\n<\/div>\n","protected":false},"excerpt":{"rendered":"","protected":false},"author":1,"featured_media":0,"parent":0,"menu_order":0,"comment_status":"closed","ping_status":"closed","template":"","meta":{"_gspb_post_css":".gspb_container-id-gsbp-6d24aa3{flex-direction:column;box-sizing:border-box}#gspb_container-id-gsbp-094dfd7.gspb_container>p:last-of-type,#gspb_container-id-gsbp-1eb5221.gspb_container>p:last-of-type,#gspb_container-id-gsbp-2fa8fe7.gspb_container>p:last-of-type,#gspb_container-id-gsbp-31e73ff.gspb_container>p:last-of-type,#gspb_container-id-gsbp-6d24aa3.gspb_container>p:last-of-type{margin-bottom:0}#gspb_container-id-gsbp-6d24aa3.gspb_container,div[id^=gspb_col-id]{position:relative;box-sizing:border-box}#gspb_heading-id-gsbp-560fd4c,#gspb_heading-id-gsbp-560fd4c .gsap-g-line{text-align:center!important}#gspb_heading-id-gsbp-560fd4c{color:var(--wp--preset--color--palette-color-8, var(--theme-palette-color-8, #ffffff));margin-top:0;margin-right:0;margin-bottom:0;padding-top:0;padding-right:0;background-color:var(--wp--preset--color--palette-color-9, var(--theme-palette-color-9, #000000))}@media (max-width:991.98px){#gspb_heading-id-gsbp-560fd4c{background-color:var(--wp--preset--color--palette-color-9, var(--theme-palette-color-9, #000000))}}@media (max-width:767.98px){#gspb_heading-id-gsbp-560fd4c{background-color:var(--wp--preset--color--palette-color-9, var(--theme-palette-color-9, #000000))}}@media (max-width:575.98px){#gspb_heading-id-gsbp-560fd4c{background-color:var(--wp--preset--color--palette-color-9, var(--theme-palette-color-9, #000000))}}#gspb_row-id-gsbp-5ed8b27{justify-content:space-between;display:flex;flex-wrap:wrap;margin:0;padding:0;background-image:radial-gradient(#383838 0,#1b1b1b 50%,#0d0d0d 100%)}#gspb_row-id-gsbp-5ed8b27>.gspb_row__content{display:flex;justify-content:space-between;margin:0 auto;width:100%;flex-wrap:wrap}div[id^=gspb_col-id]{padding:var(--gs-row-column-padding, 15px min(3vw, 20px))}body.gspb-bodyfront #gspb_row-id-gsbp-5ed8b27>.gspb_row__content{width:var(--theme-container-width, 1200px);max-width:var(--theme-normal-container-max-width, 1200px)}@media (max-width:991.98px){#gspb_row-id-gsbp-5ed8b27{background-image:radial-gradient(#383838 0,#1b1b1b 50%,#0d0d0d 100%)}}@media (max-width:767.98px){#gspb_row-id-gsbp-5ed8b27{background-image:radial-gradient(#383838 0,#1b1b1b 50%,#0d0d0d 100%)}}@media (max-width:575.98px){#gspb_row-id-gsbp-5ed8b27{background-image:radial-gradient(#383838 0,#1b1b1b 50%,#0d0d0d 100%)}}#gspb_col-id-gsbp-a713dea.gspb_row__col--4{width:33.333333333333336%}@media (max-width:575.98px){#gspb_col-id-gsbp-a713dea.gspb_row__col--4{width:100%}}#gspb_image-id-gsbp-f18f41e img{object-fit:contain;vertical-align:top;display:inline-block;box-sizing:border-box;max-width:100%;width:auto}@media (max-width:991.98px){#gspb_image-id-gsbp-f18f41e img{width:auto}}@media (max-width:767.98px){#gspb_image-id-gsbp-f18f41e img{width:auto}}@media (max-width:575.98px){#gspb_image-id-gsbp-f18f41e img{width:auto}}#gspb_image-id-gsbp-f18f41e,#gspb_image-id-gsbp-f18f41e img{height:260px}#gspb_col-id-gsbp-869a790.gspb_row__col--4{width:33.333333333333336%}@media (max-width:575.98px){#gspb_col-id-gsbp-869a790.gspb_row__col--4{width:100%}}#gspb_image-id-gsbp-f8ba36f img{object-fit:contain;vertical-align:top;display:inline-block;box-sizing:border-box;max-width:100%;width:auto}@media (max-width:991.98px){#gspb_image-id-gsbp-f8ba36f img{width:auto}}@media (max-width:767.98px){#gspb_image-id-gsbp-f8ba36f img{width:auto}}@media (max-width:575.98px){#gspb_image-id-gsbp-f8ba36f img{width:auto}}#gspb_image-id-gsbp-f8ba36f,#gspb_image-id-gsbp-f8ba36f img{height:280px}#gspb_col-id-gsbp-ac5a123.gspb_row__col--4{width:33.333333333333336%}@media (max-width:575.98px){#gspb_col-id-gsbp-ac5a123.gspb_row__col--4{width:100%}}#gspb_image-id-gsbp-6d45d8a img{object-fit:contain;vertical-align:top;display:inline-block;box-sizing:border-box;max-width:100%;width:auto}@media (max-width:991.98px){#gspb_image-id-gsbp-6d45d8a img{width:auto}}@media (max-width:767.98px){#gspb_image-id-gsbp-6d45d8a img{width:auto}}@media (max-width:575.98px){#gspb_image-id-gsbp-6d45d8a img{width:auto}}#gspb_image-id-gsbp-6d45d8a,#gspb_image-id-gsbp-6d45d8a img{height:260px}#gspb_heading-id-gsbp-ac65053,#gspb_heading-id-gsbp-ac65053 .gsap-g-line{text-align:center!important}#gspb_heading-id-gsbp-ac65053{color:var(--wp--preset--color--palette-color-8, var(--theme-palette-color-8, #ffffff));margin-bottom:0;padding-bottom:20px;background-color:var(--wp--preset--color--palette-color-9, var(--theme-palette-color-9, #000000))}@media (max-width:991.98px){#gspb_heading-id-gsbp-ac65053{background-color:var(--wp--preset--color--palette-color-9, var(--theme-palette-color-9, #000000))}}@media (max-width:767.98px){#gspb_heading-id-gsbp-ac65053{background-color:var(--wp--preset--color--palette-color-9, var(--theme-palette-color-9, #000000))}}@media (max-width:575.98px){#gspb_heading-id-gsbp-ac65053{background-color:var(--wp--preset--color--palette-color-9, var(--theme-palette-color-9, #000000))}}.gspb_container-id-gsbp-094dfd7,.gspb_container-id-gsbp-1eb5221{flex-direction:column;box-sizing:border-box}#gspb_container-id-gsbp-094dfd7.gspb_container{position:relative;box-sizing:border-box}#gspb_heading-id-gsbp-9489d4a,#gspb_heading-id-gsbp-9489d4a .gsap-g-line,#gspb_heading-id-gsbp-cf6cd93{text-align:center!important}#gspb_container-id-gsbp-1eb5221.gspb_container{position:relative;box-sizing:border-box}#gspb_heading-id-gsbp-cf6cd93 .gsap-g-line{text-align:center!important}#gspb_row-id-gsbp-2d89850,#gspb_row-id-gsbp-9632c45{justify-content:space-between;margin-top:0;margin-bottom:0;display:flex;flex-wrap:wrap}#gspb_row-id-gsbp-9632c45{padding:80px 20px;background-color:#0f0f10}#gspb_row-id-gsbp-2d89850>.gspb_row__content{display:flex;justify-content:space-between;margin:0 auto;width:100%;flex-wrap:wrap}#gspb_col-id-gsbp-114e367.gspb_row__col--6{width:50%}@media (max-width:575.98px){#gspb_col-id-gsbp-114e367.gspb_row__col--6{width:100%}}.gsbp-363888b{list-style:none}.gs_icon_list_836{margin:0;padding:0;display:flex;flex-direction:column;row-gap:15px}.gs_icon_list_836 .icon-list-item{display:flex;flex-direction:row;align-items:center;column-gap:15px}.gs_icon_list_836 .icon-list-wrapper{background-color:#3b00f514;width:33px;height:33px;display:flex;flex-direction:column;justify-content:center;align-items:center;border-bottom-left-radius:50%;border-bottom-right-radius:50%;border-top-left-radius:50%;border-top-right-radius:50%}.gs_icon_list_836 .icon-list-icon{width:18px;height:18px;fill:#5b41f0}@media (max-width:575.98px){#gspb_col-id-gsbp-013a233.gspb_row__col--6{width:100%}}.gsbp-5b26896{list-style:none}.gs_icon_list_716{margin:0;padding:0;display:flex;flex-direction:column;row-gap:15px}.gs_icon_list_716 .icon-list-item{display:flex;flex-direction:row;align-items:center;column-gap:15px}.gs_icon_list_716 .icon-list-wrapper{background-color:#3b00f514;width:33px;height:33px;display:flex;flex-direction:column;justify-content:center;align-items:center;border-bottom-left-radius:50%;border-bottom-right-radius:50%;border-top-left-radius:50%;border-top-right-radius:50%}.gs_icon_list_716 .icon-list-icon{width:18px;height:18px;fill:#5b41f0}#gspb_container-id-gsbp-2fa8fe7.gspb_container{position:relative;box-sizing:border-box}#gspb_row-id-gsbp-9632c45>.gspb_row__content{display:flex;justify-content:space-between;margin:0 auto;width:100%;flex-wrap:wrap}.gspb_row{position:relative}body.gspb-bodyfront #gspb_row-id-gsbp-2d89850>.gspb_row__content,body.gspb-bodyfront #gspb_row-id-gsbp-9632c45>.gspb_row__content{width:var(--theme-container-width, 1200px);max-width:var(--theme-normal-container-max-width, 1200px)}@media (max-width:991.98px){#gspb_row-id-gsbp-9632c45{background-color:#0f0f10}}@media (max-width:767.98px){#gspb_row-id-gsbp-9632c45{background-color:#0f0f10}}@media (max-width:575.98px){#gspb_row-id-gsbp-9632c45{background-color:#0f0f10}}#gspb_col-id-gsbp-2a11014.gspb_row__col--4{width:33.333333333333336%}@media (max-width:575.98px){#gspb_col-id-gsbp-2a11014.gspb_row__col--4{width:100%}}.gsbp-146f012,.gsbp-bbf6388,.gsbp-e5b415b{font-size:14px;color:#8a8a8a}#gspb_col-id-gsbp-255de95.gspb_row__col--4{width:33.333333333333336%}@media (max-width:575.98px){#gspb_col-id-gsbp-255de95.gspb_row__col--4{width:100%}}#gspb_col-id-gsbp-a65b1ca.gspb_row__col--4{width:33.333333333333336%}@media (max-width:575.98px){#gspb_col-id-gsbp-a65b1ca.gspb_row__col--4{width:100%}}#gspb_heading-id-gsbp-19011cb,#gspb_heading-id-gsbp-19011cb .gsap-g-line,#gspb_heading-id-gsbp-bf7d2cb,#gspb_heading-id-gsbp-bf7d2cb .gsap-g-line,#gspb_heading-id-gsbp-f33db2b{text-align:center!important}.gspb_container-id-gsbp-31e73ff{flex-direction:column;box-sizing:border-box}#gspb_container-id-gsbp-31e73ff.gspb_container{position:relative;box-sizing:border-box}#gspb_heading-id-gsbp-f33db2b .gsap-g-line{text-align:center!important}","footnotes":""},"class_list":["post-11","page","type-page","status-publish","hentry"],"blocksy_meta":[],"_links":{"self":[{"href":"https:\/\/kautera.lt\/index.php?rest_route=\/wp\/v2\/pages\/11","targetHints":{"allow":["GET"]}}],"collection":[{"href":"https:\/\/kautera.lt\/index.php?rest_route=\/wp\/v2\/pages"}],"about":[{"href":"https:\/\/kautera.lt\/index.php?rest_route=\/wp\/v2\/types\/page"}],"author":[{"embeddable":true,"href":"https:\/\/kautera.lt\/index.php?rest_route=\/wp\/v2\/users\/1"}],"replies":[{"embeddable":true,"href":"https:\/\/kautera.lt\/index.php?rest_route=%2Fwp%2Fv2%2Fcomments&post=11"}],"version-history":[{"count":194,"href":"https:\/\/kautera.lt\/index.php?rest_route=\/wp\/v2\/pages\/11\/revisions"}],"predecessor-version":[{"id":310,"href":"https:\/\/kautera.lt\/index.php?rest_route=\/wp\/v2\/pages\/11\/revisions\/310"}],"wp:attachment":[{"href":"https:\/\/kautera.lt\/index.php?rest_route=%2Fwp%2Fv2%2Fmedia&parent=11"}],"curies":[{"name":"wp","href":"https:\/\/api.w.org\/{rel}","templated":true}]}}